{"id":2538,"date":"2025-08-19T14:18:10","date_gmt":"2025-08-19T12:18:10","guid":{"rendered":"https:\/\/2025.frontinus.de\/impressum\/"},"modified":"2025-11-17T08:31:04","modified_gmt":"2025-11-17T07:31:04","slug":"legal","status":"publish","type":"page","link":"https:\/\/www.frontinus.de\/en\/legal\/","title":{"rendered":"Legal"},"content":{"rendered":"\n<div style=\"height:100px\" aria-hidden=\"true\" class=\"wp-block-spacer\"><\/div>\n\n\n<div class=\"yoast-breadcrumbs\"><span><span><a href=\"https:\/\/www.frontinus.de\/en\/\">Home<\/a><\/span> \u00bb <span class=\"breadcrumb_last\" aria-current=\"page\">Legal<\/span><\/span><\/div>\n\n\n<h1 class=\"wp-block-heading\">Site Notice<\/h1>\n\n\n\n<p>Frontinus-Gesellschaft e.V. c\/o Sabine Hemker<br>Tillystra\u00dfe 12<br>74206 Bad Wimpfen<\/p>\n\n\n\n<p>Register of Associations: VR 7370<br>Registration court: Amtsgericht K\u00f6ln<\/p>\n\n\n\n<p><strong>Represented by:<\/strong><br>Pr\u00e4sident Prof. Dr.-Ing. Hans Mehlhorn<br>1. Vize-Pr\u00e4sident Dipl.-Ing. Gilbert Wiplinger<br>2. Vize-Pr\u00e4sidentin Dr. Heidi K\u00f6pp-Junk<\/p>\n\n\n\n<h2 class=\"wp-block-heading\">Contact<\/h2>\n\n\n\n<p>Phone: +49 7063 93 22 65<br>Telefax: +49 7063 93 34 83 8<br>E-mail: <span \n                data-original-string='QKsCD6vV4jSCI5qFx2fY8A==76fEeOIFLSgoOrR4VoXJZATW3Ml0M7uugATWtcre0Z5jxo='\n                class='apbct-email-encoder'\n                title='This contact has been encoded by Anti-Spam by CleanTalk. Click to decode. To finish the decoding make sure that JavaScript is enabled in your browser.'>in<span class=\"apbct-blur\">**<\/span>@<span class=\"apbct-blur\">*******<\/span>us.de<\/span><\/p>\n\n\n\n<h2 class=\"wp-block-heading\">VAT ID<\/h2>\n\n\n\n<p>Sales tax identification number according to Sect. 27 a of the Sales Tax Law:<br>DE271796451<\/p>\n\n\n\n<h2 class=\"wp-block-heading\">Person responsible for editorial<\/h2>\n\n\n\n<p>Prof. Dr.-Ing. Hans Mehlhorn<br>c\/o Frontinus-Gesellschaft e.V. \/ Sabine Hemker<br>Tillystra\u00dfe 12<br>74206 Bad Wimpfen<\/p>\n\n\n\n<h2 class=\"wp-block-heading\">Dispute resolution proceedings in front of a consumer arbitration board<\/h2>\n\n\n\n<p>We are not willing or obliged to participate in dispute resolution proceedings in front of a consumer arbitration board.<\/p>\n\n\n\n<h3 class=\"wp-block-heading\">Picture credits:<\/h3>\n\n\n\n<p>503531 \u00a9 Yolanda @ Pixabay<br>534027 \u00a9 skeeze @ Pixabay<br>650431 \u00a9 MaciejJaszczolt @ Pixabay<br>1678789 \u00a9 dimitrisvetsikas1969 @ Pixabay<br>1742029 \u00a9 guy_dugas @ Pixabay<br>and images owned by members of the Frontinus Society<br><\/p>\n\n\n\n<h3 class=\"wp-block-heading\">Webdesign and -programming<\/h3>\n\n\n\n<p><strong>netSchmiede24<\/strong><br><a href=\"http:\/\/www.netschmiede24.de\" target=\"_blank\" rel=\"noreferrer noopener\">www.netschmiede24.de<\/a><\/p>\n","protected":false},"excerpt":{"rendered":"<p>Site Notice Frontinus-Gesellschaft e.V. c\/o Sabine HemkerTillystra\u00dfe 1274206 Bad Wimpfen Register of Associations: VR 7370Registration court: Amtsgericht K\u00f6ln Represented by:Pr\u00e4sident Prof. Dr.-Ing. Hans Mehlhorn1. Vize-Pr\u00e4sident Dipl.-Ing. Gilbert Wiplinger2. Vize-Pr\u00e4sidentin Dr. Heidi K\u00f6pp-Junk Contact Phone: +49 7063 93 22 65Telefax: +49 7063 93 34 83 8E-mail: in**@*******us.de VAT ID Sales tax identification number according to Sect. [&hellip;]<\/p>\n","protected":false},"author":1,"featured_media":0,"parent":0,"menu_order":0,"comment_status":"closed","ping_status":"closed","template":"","meta":{"inline_featured_image":false,"_themeisle_gutenberg_block_has_review":false,"footnotes":""},"class_list":["post-2538","page","type-page","status-publish","hentry","post"],"yoast_head":"<!-- This site is optimized with the Yoast SEO plugin v27.2 - https:\/\/yoast.com\/product\/yoast-seo-wordpress\/ -->\n<title>Legal - Frontinus Society<\/title>\n<meta name=\"description\" content=\"Site Notice Frontinus-Gesellschaft e.V. c\/o Sabine HemkerTillystra\u00dfe 1274206 Bad Wimpfen Register of Associations: VR 7370Registration court: Amtsgericht\" \/>\n<meta name=\"robots\" content=\"index, follow, max-snippet:-1, max-image-preview:large, max-video-preview:-1\" \/>\n<link rel=\"canonical\" href=\"https:\/\/www.frontinus.de\/en\/legal\/\" \/>\n<meta property=\"og:locale\" content=\"en_US\" \/>\n<meta property=\"og:type\" content=\"article\" \/>\n<meta property=\"og:title\" content=\"Legal - Frontinus Society\" \/>\n<meta property=\"og:description\" content=\"Site Notice Frontinus-Gesellschaft e.V. c\/o Sabine HemkerTillystra\u00dfe 1274206 Bad Wimpfen Register of Associations: VR 7370Registration court: Amtsgericht\" \/>\n<meta property=\"og:url\" content=\"https:\/\/www.frontinus.de\/en\/legal\/\" \/>\n<meta property=\"og:site_name\" content=\"Frontinus Society\" \/>\n<meta property=\"article:modified_time\" content=\"2025-11-17T07:31:04+00:00\" \/>\n<meta name=\"twitter:card\" content=\"summary_large_image\" \/>\n<meta name=\"twitter:label1\" content=\"Est. reading time\" \/>\n\t<meta name=\"twitter:data1\" content=\"1 minute\" \/>\n<script type=\"application\/ld+json\" class=\"yoast-schema-graph\">{\"@context\":\"https:\/\/schema.org\",\"@graph\":[{\"@type\":\"WebPage\",\"@id\":\"https:\/\/www.frontinus.de\/en\/legal\/\",\"url\":\"https:\/\/www.frontinus.de\/en\/legal\/\",\"name\":\"Legal - Frontinus Society\",\"isPartOf\":{\"@id\":\"https:\/\/www.frontinus.de\/en\/#website\"},\"datePublished\":\"2025-08-19T12:18:10+00:00\",\"dateModified\":\"2025-11-17T07:31:04+00:00\",\"description\":\"Site Notice Frontinus-Gesellschaft e.V. c\/o Sabine HemkerTillystra\u00dfe 1274206 Bad Wimpfen Register of Associations: VR 7370Registration court: Amtsgericht\",\"breadcrumb\":{\"@id\":\"https:\/\/www.frontinus.de\/en\/legal\/#breadcrumb\"},\"inLanguage\":\"en-US\",\"potentialAction\":[{\"@type\":\"ReadAction\",\"target\":[\"https:\/\/www.frontinus.de\/en\/legal\/\"]}]},{\"@type\":\"BreadcrumbList\",\"@id\":\"https:\/\/www.frontinus.de\/en\/legal\/#breadcrumb\",\"itemListElement\":[{\"@type\":\"ListItem\",\"position\":1,\"name\":\"Home\",\"item\":\"https:\/\/www.frontinus.de\/en\/\"},{\"@type\":\"ListItem\",\"position\":2,\"name\":\"Legal\"}]},{\"@type\":\"WebSite\",\"@id\":\"https:\/\/www.frontinus.de\/en\/#website\",\"url\":\"https:\/\/www.frontinus.de\/en\/\",\"name\":\"Frontinus Society\",\"description\":\"\",\"publisher\":{\"@id\":\"https:\/\/www.frontinus.de\/en\/#organization\"},\"potentialAction\":[{\"@type\":\"SearchAction\",\"target\":{\"@type\":\"EntryPoint\",\"urlTemplate\":\"https:\/\/www.frontinus.de\/en\/?s={search_term_string}\"},\"query-input\":{\"@type\":\"PropertyValueSpecification\",\"valueRequired\":true,\"valueName\":\"search_term_string\"}}],\"inLanguage\":\"en-US\"},{\"@type\":\"Organization\",\"@id\":\"https:\/\/www.frontinus.de\/en\/#organization\",\"name\":\"Frontinus Society\",\"url\":\"https:\/\/www.frontinus.de\/en\/\",\"logo\":{\"@type\":\"ImageObject\",\"inLanguage\":\"en-US\",\"@id\":\"https:\/\/www.frontinus.de\/en\/#\/schema\/logo\/image\/\",\"url\":\"https:\/\/www.frontinus.de\/wp-content\/uploads\/2025\/08\/frontinus_logo-tiny.svg\",\"contentUrl\":\"https:\/\/www.frontinus.de\/wp-content\/uploads\/2025\/08\/frontinus_logo-tiny.svg\",\"width\":63,\"height\":63,\"caption\":\"Frontinus Society\"},\"image\":{\"@id\":\"https:\/\/www.frontinus.de\/en\/#\/schema\/logo\/image\/\"}}]}<\/script>\n<!-- \/ Yoast SEO plugin. -->","yoast_head_json":{"title":"Legal - Frontinus Society","description":"Site Notice Frontinus-Gesellschaft e.V. c\/o Sabine HemkerTillystra\u00dfe 1274206 Bad Wimpfen Register of Associations: VR 7370Registration court: Amtsgericht","robots":{"index":"index","follow":"follow","max-snippet":"max-snippet:-1","max-image-preview":"max-image-preview:large","max-video-preview":"max-video-preview:-1"},"canonical":"https:\/\/www.frontinus.de\/en\/legal\/","og_locale":"en_US","og_type":"article","og_title":"Legal - Frontinus Society","og_description":"Site Notice Frontinus-Gesellschaft e.V. c\/o Sabine HemkerTillystra\u00dfe 1274206 Bad Wimpfen Register of Associations: VR 7370Registration court: Amtsgericht","og_url":"https:\/\/www.frontinus.de\/en\/legal\/","og_site_name":"Frontinus Society","article_modified_time":"2025-11-17T07:31:04+00:00","twitter_card":"summary_large_image","twitter_misc":{"Est. reading time":"1 minute"},"schema":{"@context":"https:\/\/schema.org","@graph":[{"@type":"WebPage","@id":"https:\/\/www.frontinus.de\/en\/legal\/","url":"https:\/\/www.frontinus.de\/en\/legal\/","name":"Legal - Frontinus Society","isPartOf":{"@id":"https:\/\/www.frontinus.de\/en\/#website"},"datePublished":"2025-08-19T12:18:10+00:00","dateModified":"2025-11-17T07:31:04+00:00","description":"Site Notice Frontinus-Gesellschaft e.V. c\/o Sabine HemkerTillystra\u00dfe 1274206 Bad Wimpfen Register of Associations: VR 7370Registration court: Amtsgericht","breadcrumb":{"@id":"https:\/\/www.frontinus.de\/en\/legal\/#breadcrumb"},"inLanguage":"en-US","potentialAction":[{"@type":"ReadAction","target":["https:\/\/www.frontinus.de\/en\/legal\/"]}]},{"@type":"BreadcrumbList","@id":"https:\/\/www.frontinus.de\/en\/legal\/#breadcrumb","itemListElement":[{"@type":"ListItem","position":1,"name":"Home","item":"https:\/\/www.frontinus.de\/en\/"},{"@type":"ListItem","position":2,"name":"Legal"}]},{"@type":"WebSite","@id":"https:\/\/www.frontinus.de\/en\/#website","url":"https:\/\/www.frontinus.de\/en\/","name":"Frontinus Society","description":"","publisher":{"@id":"https:\/\/www.frontinus.de\/en\/#organization"},"potentialAction":[{"@type":"SearchAction","target":{"@type":"EntryPoint","urlTemplate":"https:\/\/www.frontinus.de\/en\/?s={search_term_string}"},"query-input":{"@type":"PropertyValueSpecification","valueRequired":true,"valueName":"search_term_string"}}],"inLanguage":"en-US"},{"@type":"Organization","@id":"https:\/\/www.frontinus.de\/en\/#organization","name":"Frontinus Society","url":"https:\/\/www.frontinus.de\/en\/","logo":{"@type":"ImageObject","inLanguage":"en-US","@id":"https:\/\/www.frontinus.de\/en\/#\/schema\/logo\/image\/","url":"https:\/\/www.frontinus.de\/wp-content\/uploads\/2025\/08\/frontinus_logo-tiny.svg","contentUrl":"https:\/\/www.frontinus.de\/wp-content\/uploads\/2025\/08\/frontinus_logo-tiny.svg","width":63,"height":63,"caption":"Frontinus Society"},"image":{"@id":"https:\/\/www.frontinus.de\/en\/#\/schema\/logo\/image\/"}}]}},"_links":{"self":[{"href":"https:\/\/www.frontinus.de\/en\/wp-json\/wp\/v2\/pages\/2538","targetHints":{"allow":["GET"]}}],"collection":[{"href":"https:\/\/www.frontinus.de\/en\/wp-json\/wp\/v2\/pages"}],"about":[{"href":"https:\/\/www.frontinus.de\/en\/wp-json\/wp\/v2\/types\/page"}],"author":[{"embeddable":true,"href":"https:\/\/www.frontinus.de\/en\/wp-json\/wp\/v2\/users\/1"}],"replies":[{"embeddable":true,"href":"https:\/\/www.frontinus.de\/en\/wp-json\/wp\/v2\/comments?post=2538"}],"version-history":[{"count":2,"href":"https:\/\/www.frontinus.de\/en\/wp-json\/wp\/v2\/pages\/2538\/revisions"}],"predecessor-version":[{"id":2544,"href":"https:\/\/www.frontinus.de\/en\/wp-json\/wp\/v2\/pages\/2538\/revisions\/2544"}],"wp:attachment":[{"href":"https:\/\/www.frontinus.de\/en\/wp-json\/wp\/v2\/media?parent=2538"}],"curies":[{"name":"wp","href":"https:\/\/api.w.org\/{rel}","templated":true}]}}