{"id":2609,"date":"2025-11-17T07:58:04","date_gmt":"2025-11-17T06:58:04","guid":{"rendered":"https:\/\/www.frontinus.de\/404-2\/"},"modified":"2025-11-17T15:28:31","modified_gmt":"2025-11-17T14:28:31","slug":"error","status":"publish","type":"page","link":"https:\/\/www.frontinus.de\/en\/error\/","title":{"rendered":"404"},"content":{"rendered":"\n<div class=\"wp-block-columns is-layout-flex wp-container-core-columns-is-layout-9d6595d7 wp-block-columns-is-layout-flex\">\n<div class=\"wp-block-column is-layout-flow wp-block-column-is-layout-flow\">\n<h1 class=\"wp-block-heading\">Oh &#8211; hier ist wohl etwas schief gelaufen!<\/h1>\n\n\n\n<p>Wir haben unsere Website \u00fcberarbeitet und der Link, den Sie angeklickt haben, funktioniert nicht mehr. Bitte navigieren Sie \u00fcber unser Men\u00fc zu Ihrem gew\u00fcnschten Inhalt.<\/p>\n<\/div>\n\n\n\n<div class=\"wp-block-column is-layout-flow wp-block-column-is-layout-flow\">\n<h1 class=\"wp-block-heading\">Oh &#8211; something went wrong here!<\/h1>\n\n\n\n<p>We have updated our website and the link you followed is no longer valid. Please use our navigation menu to find your desired content.<\/p>\n<\/div>\n<\/div>\n\n\n\n<div class=\"wp-block-columns is-layout-flex wp-container-core-columns-is-layout-9d6595d7 wp-block-columns-is-layout-flex\">\n<div class=\"wp-block-column is-layout-flow wp-block-column-is-layout-flow\">\n<div class=\"wp-block-columns is-not-stacked-on-mobile is-layout-flex wp-container-core-columns-is-layout-9d6595d7 wp-block-columns-is-layout-flex\">\n<div class=\"wp-block-column is-layout-flow wp-block-column-is-layout-flow\" style=\"flex-basis:140px\"><div class=\"wp-block-image\">\n<figure class=\"aligncenter size-large\"><a href=\"https:\/\/www.frontinus.de\/en\/\"><img decoding=\"async\" width=\"127\" height=\"127\" src=\"https:\/\/www.frontinus.de\/wp-content\/uploads\/2025\/08\/frontinus_logo-klein.svg\" alt=\"\" class=\"wp-image-352\"\/><\/a><\/figure>\n<\/div>\n\n<div class=\"wp-block-image\">\n<figure class=\"aligncenter size-large\"><img decoding=\"async\" src=\"https:\/\/www.frontinus.de\/wp-content\/plugins\/sitepress-multilingual-cms\/res\/flags\/de.svg\" alt=\"\"\/><\/figure>\n<\/div><\/div>\n\n\n\n<div class=\"wp-block-column is-layout-flow wp-block-column-is-layout-flow\">\n<h3 class=\"wp-block-heading\">\u00dcber das Logo <br>kommen Sie <br>zur <a href=\"https:\/\/www.frontinus.de\/en\/\"><em>Startseite<\/em><\/a>.<\/h3>\n<\/div>\n<\/div>\n<\/div>\n\n\n\n<div class=\"wp-block-column is-layout-flow wp-block-column-is-layout-flow\">\n<div class=\"wp-block-columns is-not-stacked-on-mobile is-layout-flex wp-container-core-columns-is-layout-9d6595d7 wp-block-columns-is-layout-flex\">\n<div class=\"wp-block-column is-layout-flow wp-block-column-is-layout-flow\">\n<h3 class=\"wp-block-heading has-text-align-right\">Click here <br>to get to the <br><a href=\"https:\/\/www.frontinus.de\/en\/\"><em>Home Page in English<\/em><\/a><\/h3>\n<\/div>\n\n\n\n<div class=\"wp-block-column is-layout-flow wp-block-column-is-layout-flow\" style=\"flex-basis:140px\"><div class=\"wp-block-image\">\n<figure class=\"aligncenter size-large\"><a href=\"https:\/\/www.frontinus.de\/en\/\"><img decoding=\"async\" width=\"127\" height=\"127\" src=\"https:\/\/www.frontinus.de\/wp-content\/uploads\/2025\/08\/frontinus_logo-klein.svg\" alt=\"\" class=\"wp-image-352\"\/><\/a><\/figure>\n<\/div>\n\n<div class=\"wp-block-image\">\n<figure class=\"aligncenter size-large\"><img decoding=\"async\" src=\"https:\/\/www.frontinus.de\/wp-content\/plugins\/sitepress-multilingual-cms\/res\/flags\/en.svg\" alt=\"\"\/><\/figure>\n<\/div><\/div>\n<\/div>\n<\/div>\n<\/div>\n\n\n\n<p><\/p>\n","protected":false},"excerpt":{"rendered":"<p>Oh &#8211; hier ist wohl etwas schief gelaufen! Wir haben unsere Website \u00fcberarbeitet und der Link, den Sie angeklickt haben, funktioniert nicht mehr. Bitte navigieren Sie \u00fcber unser Men\u00fc zu Ihrem gew\u00fcnschten Inhalt. Oh &#8211; something went wrong here! We have updated our website and the link you followed is no longer valid. Please use [&hellip;]<\/p>\n","protected":false},"author":1,"featured_media":0,"parent":0,"menu_order":0,"comment_status":"closed","ping_status":"closed","template":"","meta":{"inline_featured_image":false,"_themeisle_gutenberg_block_has_review":false,"footnotes":""},"class_list":["post-2609","page","type-page","status-publish","hentry","post"],"yoast_head":"<!-- This site is optimized with the Yoast SEO plugin v27.2 - https:\/\/yoast.com\/product\/yoast-seo-wordpress\/ -->\n<title>404 - Frontinus Society<\/title>\n<meta name=\"description\" content=\"Oh - hier ist wohl etwas schief gelaufen! Wir haben unsere Website \u00fcberarbeitet und der Link, den Sie angeklickt haben, funktioniert nicht mehr. Bitte\" \/>\n<meta name=\"robots\" content=\"index, follow, max-snippet:-1, max-image-preview:large, max-video-preview:-1\" \/>\n<link rel=\"canonical\" href=\"https:\/\/www.frontinus.de\/en\/error\/\" \/>\n<meta property=\"og:locale\" content=\"en_US\" \/>\n<meta property=\"og:type\" content=\"article\" \/>\n<meta property=\"og:title\" content=\"404 - Frontinus Society\" \/>\n<meta property=\"og:description\" content=\"Oh - hier ist wohl etwas schief gelaufen! Wir haben unsere Website \u00fcberarbeitet und der Link, den Sie angeklickt haben, funktioniert nicht mehr. Bitte\" \/>\n<meta property=\"og:url\" content=\"https:\/\/www.frontinus.de\/en\/error\/\" \/>\n<meta property=\"og:site_name\" content=\"Frontinus Society\" \/>\n<meta property=\"article:modified_time\" content=\"2025-11-17T14:28:31+00:00\" \/>\n<meta property=\"og:image\" content=\"https:\/\/www.frontinus.de\/wp-content\/uploads\/2025\/08\/frontinus_logo-klein.svg\" \/>\n<meta name=\"twitter:card\" content=\"summary_large_image\" \/>\n<meta name=\"twitter:label1\" content=\"Est. reading time\" \/>\n\t<meta name=\"twitter:data1\" content=\"2 minutes\" \/>\n<script type=\"application\/ld+json\" class=\"yoast-schema-graph\">{\"@context\":\"https:\/\/schema.org\",\"@graph\":[{\"@type\":\"WebPage\",\"@id\":\"https:\/\/www.frontinus.de\/en\/error\/\",\"url\":\"https:\/\/www.frontinus.de\/en\/error\/\",\"name\":\"404 - Frontinus Society\",\"isPartOf\":{\"@id\":\"https:\/\/www.frontinus.de\/en\/#website\"},\"primaryImageOfPage\":{\"@id\":\"https:\/\/www.frontinus.de\/en\/error\/#primaryimage\"},\"image\":{\"@id\":\"https:\/\/www.frontinus.de\/en\/error\/#primaryimage\"},\"thumbnailUrl\":\"https:\/\/www.frontinus.de\/wp-content\/uploads\/2025\/08\/frontinus_logo-klein.svg\",\"datePublished\":\"2025-11-17T06:58:04+00:00\",\"dateModified\":\"2025-11-17T14:28:31+00:00\",\"description\":\"Oh - hier ist wohl etwas schief gelaufen! Wir haben unsere Website \u00fcberarbeitet und der Link, den Sie angeklickt haben, funktioniert nicht mehr. Bitte\",\"breadcrumb\":{\"@id\":\"https:\/\/www.frontinus.de\/en\/error\/#breadcrumb\"},\"inLanguage\":\"en-US\",\"potentialAction\":[{\"@type\":\"ReadAction\",\"target\":[\"https:\/\/www.frontinus.de\/en\/error\/\"]}]},{\"@type\":\"ImageObject\",\"inLanguage\":\"en-US\",\"@id\":\"https:\/\/www.frontinus.de\/en\/error\/#primaryimage\",\"url\":\"https:\/\/www.frontinus.de\/wp-content\/uploads\/2025\/08\/frontinus_logo-klein.svg\",\"contentUrl\":\"https:\/\/www.frontinus.de\/wp-content\/uploads\/2025\/08\/frontinus_logo-klein.svg\"},{\"@type\":\"BreadcrumbList\",\"@id\":\"https:\/\/www.frontinus.de\/en\/error\/#breadcrumb\",\"itemListElement\":[{\"@type\":\"ListItem\",\"position\":1,\"name\":\"Home\",\"item\":\"https:\/\/www.frontinus.de\/en\/\"},{\"@type\":\"ListItem\",\"position\":2,\"name\":\"404\"}]},{\"@type\":\"WebSite\",\"@id\":\"https:\/\/www.frontinus.de\/en\/#website\",\"url\":\"https:\/\/www.frontinus.de\/en\/\",\"name\":\"Frontinus Society\",\"description\":\"\",\"publisher\":{\"@id\":\"https:\/\/www.frontinus.de\/en\/#organization\"},\"potentialAction\":[{\"@type\":\"SearchAction\",\"target\":{\"@type\":\"EntryPoint\",\"urlTemplate\":\"https:\/\/www.frontinus.de\/en\/?s={search_term_string}\"},\"query-input\":{\"@type\":\"PropertyValueSpecification\",\"valueRequired\":true,\"valueName\":\"search_term_string\"}}],\"inLanguage\":\"en-US\"},{\"@type\":\"Organization\",\"@id\":\"https:\/\/www.frontinus.de\/en\/#organization\",\"name\":\"Frontinus Society\",\"url\":\"https:\/\/www.frontinus.de\/en\/\",\"logo\":{\"@type\":\"ImageObject\",\"inLanguage\":\"en-US\",\"@id\":\"https:\/\/www.frontinus.de\/en\/#\/schema\/logo\/image\/\",\"url\":\"https:\/\/www.frontinus.de\/wp-content\/uploads\/2025\/08\/frontinus_logo-tiny.svg\",\"contentUrl\":\"https:\/\/www.frontinus.de\/wp-content\/uploads\/2025\/08\/frontinus_logo-tiny.svg\",\"width\":63,\"height\":63,\"caption\":\"Frontinus Society\"},\"image\":{\"@id\":\"https:\/\/www.frontinus.de\/en\/#\/schema\/logo\/image\/\"}}]}<\/script>\n<!-- \/ Yoast SEO plugin. -->","yoast_head_json":{"title":"404 - Frontinus Society","description":"Oh - hier ist wohl etwas schief gelaufen! Wir haben unsere Website \u00fcberarbeitet und der Link, den Sie angeklickt haben, funktioniert nicht mehr. Bitte","robots":{"index":"index","follow":"follow","max-snippet":"max-snippet:-1","max-image-preview":"max-image-preview:large","max-video-preview":"max-video-preview:-1"},"canonical":"https:\/\/www.frontinus.de\/en\/error\/","og_locale":"en_US","og_type":"article","og_title":"404 - Frontinus Society","og_description":"Oh - hier ist wohl etwas schief gelaufen! Wir haben unsere Website \u00fcberarbeitet und der Link, den Sie angeklickt haben, funktioniert nicht mehr. Bitte","og_url":"https:\/\/www.frontinus.de\/en\/error\/","og_site_name":"Frontinus Society","article_modified_time":"2025-11-17T14:28:31+00:00","og_image":[{"url":"https:\/\/www.frontinus.de\/wp-content\/uploads\/2025\/08\/frontinus_logo-klein.svg","type":"","width":"","height":""}],"twitter_card":"summary_large_image","twitter_misc":{"Est. reading time":"2 minutes"},"schema":{"@context":"https:\/\/schema.org","@graph":[{"@type":"WebPage","@id":"https:\/\/www.frontinus.de\/en\/error\/","url":"https:\/\/www.frontinus.de\/en\/error\/","name":"404 - Frontinus Society","isPartOf":{"@id":"https:\/\/www.frontinus.de\/en\/#website"},"primaryImageOfPage":{"@id":"https:\/\/www.frontinus.de\/en\/error\/#primaryimage"},"image":{"@id":"https:\/\/www.frontinus.de\/en\/error\/#primaryimage"},"thumbnailUrl":"https:\/\/www.frontinus.de\/wp-content\/uploads\/2025\/08\/frontinus_logo-klein.svg","datePublished":"2025-11-17T06:58:04+00:00","dateModified":"2025-11-17T14:28:31+00:00","description":"Oh - hier ist wohl etwas schief gelaufen! Wir haben unsere Website \u00fcberarbeitet und der Link, den Sie angeklickt haben, funktioniert nicht mehr. Bitte","breadcrumb":{"@id":"https:\/\/www.frontinus.de\/en\/error\/#breadcrumb"},"inLanguage":"en-US","potentialAction":[{"@type":"ReadAction","target":["https:\/\/www.frontinus.de\/en\/error\/"]}]},{"@type":"ImageObject","inLanguage":"en-US","@id":"https:\/\/www.frontinus.de\/en\/error\/#primaryimage","url":"https:\/\/www.frontinus.de\/wp-content\/uploads\/2025\/08\/frontinus_logo-klein.svg","contentUrl":"https:\/\/www.frontinus.de\/wp-content\/uploads\/2025\/08\/frontinus_logo-klein.svg"},{"@type":"BreadcrumbList","@id":"https:\/\/www.frontinus.de\/en\/error\/#breadcrumb","itemListElement":[{"@type":"ListItem","position":1,"name":"Home","item":"https:\/\/www.frontinus.de\/en\/"},{"@type":"ListItem","position":2,"name":"404"}]},{"@type":"WebSite","@id":"https:\/\/www.frontinus.de\/en\/#website","url":"https:\/\/www.frontinus.de\/en\/","name":"Frontinus Society","description":"","publisher":{"@id":"https:\/\/www.frontinus.de\/en\/#organization"},"potentialAction":[{"@type":"SearchAction","target":{"@type":"EntryPoint","urlTemplate":"https:\/\/www.frontinus.de\/en\/?s={search_term_string}"},"query-input":{"@type":"PropertyValueSpecification","valueRequired":true,"valueName":"search_term_string"}}],"inLanguage":"en-US"},{"@type":"Organization","@id":"https:\/\/www.frontinus.de\/en\/#organization","name":"Frontinus Society","url":"https:\/\/www.frontinus.de\/en\/","logo":{"@type":"ImageObject","inLanguage":"en-US","@id":"https:\/\/www.frontinus.de\/en\/#\/schema\/logo\/image\/","url":"https:\/\/www.frontinus.de\/wp-content\/uploads\/2025\/08\/frontinus_logo-tiny.svg","contentUrl":"https:\/\/www.frontinus.de\/wp-content\/uploads\/2025\/08\/frontinus_logo-tiny.svg","width":63,"height":63,"caption":"Frontinus Society"},"image":{"@id":"https:\/\/www.frontinus.de\/en\/#\/schema\/logo\/image\/"}}]}},"_links":{"self":[{"href":"https:\/\/www.frontinus.de\/en\/wp-json\/wp\/v2\/pages\/2609","targetHints":{"allow":["GET"]}}],"collection":[{"href":"https:\/\/www.frontinus.de\/en\/wp-json\/wp\/v2\/pages"}],"about":[{"href":"https:\/\/www.frontinus.de\/en\/wp-json\/wp\/v2\/types\/page"}],"author":[{"embeddable":true,"href":"https:\/\/www.frontinus.de\/en\/wp-json\/wp\/v2\/users\/1"}],"replies":[{"embeddable":true,"href":"https:\/\/www.frontinus.de\/en\/wp-json\/wp\/v2\/comments?post=2609"}],"version-history":[{"count":18,"href":"https:\/\/www.frontinus.de\/en\/wp-json\/wp\/v2\/pages\/2609\/revisions"}],"predecessor-version":[{"id":2690,"href":"https:\/\/www.frontinus.de\/en\/wp-json\/wp\/v2\/pages\/2609\/revisions\/2690"}],"wp:attachment":[{"href":"https:\/\/www.frontinus.de\/en\/wp-json\/wp\/v2\/media?parent=2609"}],"curies":[{"name":"wp","href":"https:\/\/api.w.org\/{rel}","templated":true}]}}